
{"id":15542,"date":"2016-12-08T06:57:00","date_gmt":"2016-12-08T06:57:00","guid":{"rendered":"https:\/\/dev.salonlfc.com\/a-propos\/"},"modified":"2016-12-08T06:57:00","modified_gmt":"2016-12-08T06:57:00","slug":"a-propos","status":"publish","type":"page","link":"https:\/\/dev.salonlfc.com\/fr\/a-propos\/","title":{"rendered":"\u00c0 propos"},"content":{"rendered":"<h2>Bienvenue<\/h2>\n<div class=\"about-text\">\n<p>Le personnel des salons <strong>Lajeunesse Fortin Cena<\/strong>c\u00a0 reste \u00e0 votre enti\u00e8re disposition pour vous accompagner dans cette p\u00e9riode de deuil &#8211; un enterrement est un moment pour honorer la vie du d\u00e9funt et c\u00e9l\u00e9brer l&rsquo;h\u00e9ritage de sa famille. Nous nous effor\u00e7ons de faire de chaque fun\u00e9railles une exp\u00e9rience respectueuse et \u00e9panouissante qui r\u00e9pond aux besoins uniques de chaque famille .<\/p>\n<\/div>\n","protected":false},"excerpt":{"rendered":"<p>Bienvenue Le personnel des salons Lajeunesse Fortin Cenac\u00a0 reste \u00e0 votre enti\u00e8re disposition pour vous accompagner dans cette p\u00e9riode de deuil &#8211; un enterrement est un moment pour honorer la vie du d\u00e9funt et c\u00e9l\u00e9brer l&rsquo;h\u00e9ritage de sa famille. Nous nous effor\u00e7ons de faire de chaque fun\u00e9railles une exp\u00e9rience respectueuse et \u00e9panouissante qui r\u00e9pond aux [&hellip;]<\/p>\n","protected":false},"author":6,"featured_media":10641,"parent":0,"menu_order":0,"comment_status":"closed","ping_status":"closed","template":"about-template.php","meta":{"footnotes":""},"class_list":["post-15542","page","type-page","status-publish","has-post-thumbnail","hentry"],"acf":[],"yoast_head":"<!-- This site is optimized with the Yoast SEO plugin v23.3 - https:\/\/yoast.com\/wordpress\/plugins\/seo\/ -->\n<title>\u00c0 propos - SALON FUN\u00c9RAIRE LAJEUNESSE FORTIN CENAC<\/title>\n<meta name=\"robots\" content=\"index, follow, max-snippet:-1, max-image-preview:large, max-video-preview:-1\" \/>\n<link rel=\"canonical\" href=\"https:\/\/dev.salonlfc.com\/fr\/a-propos\/\" \/>\n<meta property=\"og:locale\" content=\"fr_FR\" \/>\n<meta property=\"og:type\" content=\"article\" \/>\n<meta property=\"og:title\" content=\"\u00c0 propos - SALON FUN\u00c9RAIRE LAJEUNESSE FORTIN CENAC\" \/>\n<meta property=\"og:description\" content=\"Bienvenue Le personnel des salons Lajeunesse Fortin Cenac\u00a0 reste \u00e0 votre enti\u00e8re disposition pour vous accompagner dans cette p\u00e9riode de deuil &#8211; un enterrement est un moment pour honorer la vie du d\u00e9funt et c\u00e9l\u00e9brer l&rsquo;h\u00e9ritage de sa famille. Nous nous effor\u00e7ons de faire de chaque fun\u00e9railles une exp\u00e9rience respectueuse et \u00e9panouissante qui r\u00e9pond aux [&hellip;]\" \/>\n<meta property=\"og:url\" content=\"https:\/\/dev.salonlfc.com\/fr\/a-propos\/\" \/>\n<meta property=\"og:site_name\" content=\"SALON FUN\u00c9RAIRE LAJEUNESSE FORTIN CENAC\" \/>\n<meta property=\"og:image\" content=\"https:\/\/dev.salonlfc.com\/wp-content\/uploads\/2017\/12\/AN.vis2_2753.Cenac_.35.jpg\" \/>\n\t<meta property=\"og:image:width\" content=\"400\" \/>\n\t<meta property=\"og:image:height\" content=\"305\" \/>\n\t<meta property=\"og:image:type\" content=\"image\/jpeg\" \/>\n<meta name=\"twitter:card\" content=\"summary_large_image\" \/>\n<script type=\"application\/ld+json\" class=\"yoast-schema-graph\">{\"@context\":\"https:\/\/schema.org\",\"@graph\":[{\"@type\":\"WebPage\",\"@id\":\"https:\/\/dev.salonlfc.com\/fr\/a-propos\/\",\"url\":\"https:\/\/dev.salonlfc.com\/fr\/a-propos\/\",\"name\":\"\u00c0 propos - SALON FUN\u00c9RAIRE LAJEUNESSE FORTIN CENAC\",\"isPartOf\":{\"@id\":\"https:\/\/dev.salonlfc.com\/#website\"},\"primaryImageOfPage\":{\"@id\":\"https:\/\/dev.salonlfc.com\/fr\/a-propos\/#primaryimage\"},\"image\":{\"@id\":\"https:\/\/dev.salonlfc.com\/fr\/a-propos\/#primaryimage\"},\"thumbnailUrl\":\"https:\/\/dev.salonlfc.com\/wp-content\/uploads\/2017\/12\/AN.vis2_2753.Cenac_.35.jpg\",\"datePublished\":\"2016-12-08T06:57:00+00:00\",\"dateModified\":\"2016-12-08T06:57:00+00:00\",\"breadcrumb\":{\"@id\":\"https:\/\/dev.salonlfc.com\/fr\/a-propos\/#breadcrumb\"},\"inLanguage\":\"fr-FR\",\"potentialAction\":[{\"@type\":\"ReadAction\",\"target\":[\"https:\/\/dev.salonlfc.com\/fr\/a-propos\/\"]}]},{\"@type\":\"ImageObject\",\"inLanguage\":\"fr-FR\",\"@id\":\"https:\/\/dev.salonlfc.com\/fr\/a-propos\/#primaryimage\",\"url\":\"https:\/\/dev.salonlfc.com\/wp-content\/uploads\/2017\/12\/AN.vis2_2753.Cenac_.35.jpg\",\"contentUrl\":\"https:\/\/dev.salonlfc.com\/wp-content\/uploads\/2017\/12\/AN.vis2_2753.Cenac_.35.jpg\",\"width\":400,\"height\":305,\"caption\":\"OLYMPUS DIGITAL CAMERA\"},{\"@type\":\"BreadcrumbList\",\"@id\":\"https:\/\/dev.salonlfc.com\/fr\/a-propos\/#breadcrumb\",\"itemListElement\":[{\"@type\":\"ListItem\",\"position\":1,\"name\":\"Accueil\",\"item\":\"https:\/\/dev.salonlfc.com\/fr\/\"},{\"@type\":\"ListItem\",\"position\":2,\"name\":\"\u00c0 propos\"}]},{\"@type\":\"WebSite\",\"@id\":\"https:\/\/dev.salonlfc.com\/#website\",\"url\":\"https:\/\/dev.salonlfc.com\/\",\"name\":\"SALON FUN\u00c9RAIRE LAJEUNESSE FORTIN CENAC\",\"description\":\"\",\"potentialAction\":[{\"@type\":\"SearchAction\",\"target\":{\"@type\":\"EntryPoint\",\"urlTemplate\":\"https:\/\/dev.salonlfc.com\/?s={search_term_string}\"},\"query-input\":\"required name=search_term_string\"}],\"inLanguage\":\"fr-FR\"}]}<\/script>\n<!-- \/ Yoast SEO plugin. -->","yoast_head_json":{"title":"\u00c0 propos - SALON FUN\u00c9RAIRE LAJEUNESSE FORTIN CENAC","robots":{"index":"index","follow":"follow","max-snippet":"max-snippet:-1","max-image-preview":"max-image-preview:large","max-video-preview":"max-video-preview:-1"},"canonical":"https:\/\/dev.salonlfc.com\/fr\/a-propos\/","og_locale":"fr_FR","og_type":"article","og_title":"\u00c0 propos - SALON FUN\u00c9RAIRE LAJEUNESSE FORTIN CENAC","og_description":"Bienvenue Le personnel des salons Lajeunesse Fortin Cenac\u00a0 reste \u00e0 votre enti\u00e8re disposition pour vous accompagner dans cette p\u00e9riode de deuil &#8211; un enterrement est un moment pour honorer la vie du d\u00e9funt et c\u00e9l\u00e9brer l&rsquo;h\u00e9ritage de sa famille. Nous nous effor\u00e7ons de faire de chaque fun\u00e9railles une exp\u00e9rience respectueuse et \u00e9panouissante qui r\u00e9pond aux [&hellip;]","og_url":"https:\/\/dev.salonlfc.com\/fr\/a-propos\/","og_site_name":"SALON FUN\u00c9RAIRE LAJEUNESSE FORTIN CENAC","og_image":[{"width":400,"height":305,"url":"https:\/\/dev.salonlfc.com\/wp-content\/uploads\/2017\/12\/AN.vis2_2753.Cenac_.35.jpg","type":"image\/jpeg"}],"twitter_card":"summary_large_image","schema":{"@context":"https:\/\/schema.org","@graph":[{"@type":"WebPage","@id":"https:\/\/dev.salonlfc.com\/fr\/a-propos\/","url":"https:\/\/dev.salonlfc.com\/fr\/a-propos\/","name":"\u00c0 propos - SALON FUN\u00c9RAIRE LAJEUNESSE FORTIN CENAC","isPartOf":{"@id":"https:\/\/dev.salonlfc.com\/#website"},"primaryImageOfPage":{"@id":"https:\/\/dev.salonlfc.com\/fr\/a-propos\/#primaryimage"},"image":{"@id":"https:\/\/dev.salonlfc.com\/fr\/a-propos\/#primaryimage"},"thumbnailUrl":"https:\/\/dev.salonlfc.com\/wp-content\/uploads\/2017\/12\/AN.vis2_2753.Cenac_.35.jpg","datePublished":"2016-12-08T06:57:00+00:00","dateModified":"2016-12-08T06:57:00+00:00","breadcrumb":{"@id":"https:\/\/dev.salonlfc.com\/fr\/a-propos\/#breadcrumb"},"inLanguage":"fr-FR","potentialAction":[{"@type":"ReadAction","target":["https:\/\/dev.salonlfc.com\/fr\/a-propos\/"]}]},{"@type":"ImageObject","inLanguage":"fr-FR","@id":"https:\/\/dev.salonlfc.com\/fr\/a-propos\/#primaryimage","url":"https:\/\/dev.salonlfc.com\/wp-content\/uploads\/2017\/12\/AN.vis2_2753.Cenac_.35.jpg","contentUrl":"https:\/\/dev.salonlfc.com\/wp-content\/uploads\/2017\/12\/AN.vis2_2753.Cenac_.35.jpg","width":400,"height":305,"caption":"OLYMPUS DIGITAL CAMERA"},{"@type":"BreadcrumbList","@id":"https:\/\/dev.salonlfc.com\/fr\/a-propos\/#breadcrumb","itemListElement":[{"@type":"ListItem","position":1,"name":"Accueil","item":"https:\/\/dev.salonlfc.com\/fr\/"},{"@type":"ListItem","position":2,"name":"\u00c0 propos"}]},{"@type":"WebSite","@id":"https:\/\/dev.salonlfc.com\/#website","url":"https:\/\/dev.salonlfc.com\/","name":"SALON FUN\u00c9RAIRE LAJEUNESSE FORTIN CENAC","description":"","potentialAction":[{"@type":"SearchAction","target":{"@type":"EntryPoint","urlTemplate":"https:\/\/dev.salonlfc.com\/?s={search_term_string}"},"query-input":"required name=search_term_string"}],"inLanguage":"fr-FR"}]}},"_links":{"self":[{"href":"https:\/\/dev.salonlfc.com\/fr\/wp-json\/wp\/v2\/pages\/15542"}],"collection":[{"href":"https:\/\/dev.salonlfc.com\/fr\/wp-json\/wp\/v2\/pages"}],"about":[{"href":"https:\/\/dev.salonlfc.com\/fr\/wp-json\/wp\/v2\/types\/page"}],"author":[{"embeddable":true,"href":"https:\/\/dev.salonlfc.com\/fr\/wp-json\/wp\/v2\/users\/6"}],"replies":[{"embeddable":true,"href":"https:\/\/dev.salonlfc.com\/fr\/wp-json\/wp\/v2\/comments?post=15542"}],"version-history":[{"count":0,"href":"https:\/\/dev.salonlfc.com\/fr\/wp-json\/wp\/v2\/pages\/15542\/revisions"}],"wp:featuredmedia":[{"embeddable":true,"href":"https:\/\/dev.salonlfc.com\/fr\/wp-json\/wp\/v2\/media\/10641"}],"wp:attachment":[{"href":"https:\/\/dev.salonlfc.com\/fr\/wp-json\/wp\/v2\/media?parent=15542"}],"curies":[{"name":"wp","href":"https:\/\/api.w.org\/{rel}","templated":true}]}}